{"id":1661,"date":"2019-07-17T11:43:50","date_gmt":"2019-07-17T11:43:50","guid":{"rendered":"http:\/\/rayon-photography.com\/?page_id=1661"},"modified":"2019-07-24T12:33:34","modified_gmt":"2019-07-24T12:33:34","slug":"impressum","status":"publish","type":"page","link":"https:\/\/rayon-photography.com\/?page_id=1661","title":{"rendered":"Impressum"},"content":{"rendered":"\r\n<div class=\"wp-block-columns has-2-columns\">\r\n<div class=\"wp-block-column\">\r\n<p>Impressum<br \/>Allgemeine Angaben<\/p>\r\n\r\n\r\n\r\n<p>F\u00fcr Fragen und Informationen wenden Sie sich bitte \u00fcber das Kontaktformular an mich.<\/p>\r\n\r\n\r\n\r\n<p>Inhaber dieser Seite<br \/>Alica Mak<br \/>Bachstra\u00dfe 82<br \/>75210 Keltern<br \/>Germany<\/p>\r\n\r\n\r\n\r\n<p>Telefon<br \/>+49 176 24524490<\/p>\r\n\r\n\r\n\r\n<p>E-Mail<br \/>contactme@rayon-photography.com<\/p>\r\n\r\n\r\n\r\n<p>Steuer-Nr 41134\/30219<br \/>Kleinunternehmer nach \u00a719 Abs. UStG<\/p>\r\n\r\n\r\n\r\n<p>Die Europ\u00e4ische Kommission stellt eine Plattform zur Online-Streitbeilegung (OS) bereit. Die Plattform finden Sie unter http:\/\/ec.europa.eu\/consumers\/odr\/<\/p>\r\n\r\n\r\n\r\n<p>Disclaimer<\/p>\r\n\r\n\r\n\r\n<p>Haftungshinweis<br \/>Trotz sorgf\u00e4ltiger inhaltlicher Kontrolle kann keine Haftung f\u00fcr die Inhalte externer Links \u00fcbernommen werden. F\u00fcr den Inhalt der verlinkten Seiten sind ausschlie\u00dflich deren Betreiber verantwortlich.<\/p>\r\n\r\n\r\n\r\n<p>Datenschutz<br \/>Pers\u00f6nliche Daten erheben, verarbeiten und nutze ich nur, wenn Sie mir diese Angaben von sich aus mitteilen. Die von Ihnen zur Verf\u00fcgung gestellten pers\u00f6nlichen Daten werde ich ohne Ihre ausdr\u00fcckliche Zustimmung nicht an Dritte weitergeben.<\/p>\r\n<\/div>\r\n\r\n\r\n\r\n<div class=\"wp-block-column\">\r\n<p>Legal notice general information<\/p>\r\n\r\n\r\n\r\n<p>For questions and information please contact me using the contact form.<\/p>\r\n\r\n\r\n\r\n<p>Owner of this page Alica Mak Bachstrasse 82 75210 Keltern Germany<\/p>\r\n\r\n\r\n\r\n<p>Phone +49 176 24524490<\/p>\r\n\r\n\r\n\r\n<p>e-mail contactme@rayon-photography.com<\/p>\r\n\r\n\r\n\r\n<p>Tax No. 41134\/30219 Small entrepreneurs according to \u00a719 Abs. UStG<\/p>\r\n\r\n\r\n\r\n<p>The European Commission provides a platform for online dispute resolution (OS). The platform can be found at http:\/\/ec.europa.eu\/consumers\/odr\/<\/p>\r\n\r\n\r\n\r\n<p>Disclaimer<\/p>\r\n\r\n\r\n\r\n<p>Liability notice Despite careful content control, no liability can be accepted for the content of external links. The content of the linked pages are the sole responsibility of their operators.<\/p>\r\n\r\n\r\n\r\n<p>Data protection I collect, process and use personal data only if you provide me with this information. I will not pass on your personal data to third parties without your express consent.<\/p>\r\n\r\n\r\n\r\n<p>&nbsp;<\/p>\r\n\r\n\r\n\r\n<p>&nbsp;<\/p>\r\n<\/div>\r\n<\/div>\r\n","protected":false},"excerpt":{"rendered":"<p>ImpressumAllgemeine Angaben F\u00fcr Fragen und Informationen wenden Sie sich bitte \u00fcber das Kontaktformular an mich. Inhaber dieser SeiteAlica MakBachstra\u00dfe 8275210 KelternGermany Telefon+49 176 24524490 E-Mailcontactme@rayon-photography.com Steuer-Nr 41134\/30219Kleinunternehmer nach \u00a719 Abs. UStG Die Europ\u00e4ische Kommission stellt eine Plattform zur Online-Streitbeilegung (OS) bereit. Die Plattform finden Sie unter http:\/\/ec.europa.eu\/consumers\/odr\/ Disclaimer HaftungshinweisTrotz sorgf\u00e4ltiger inhaltlicher Kontrolle kann keine Haftung [&hellip;]<\/p>\n","protected":false},"author":1,"featured_media":0,"parent":398,"menu_order":0,"comment_status":"closed","ping_status":"closed","template":"","meta":[],"_links":{"self":[{"href":"https:\/\/rayon-photography.com\/index.php?rest_route=\/wp\/v2\/pages\/1661"}],"collection":[{"href":"https:\/\/rayon-photography.com\/index.php?rest_route=\/wp\/v2\/pages"}],"about":[{"href":"https:\/\/rayon-photography.com\/index.php?rest_route=\/wp\/v2\/types\/page"}],"author":[{"embeddable":true,"href":"https:\/\/rayon-photography.com\/index.php?rest_route=\/wp\/v2\/users\/1"}],"replies":[{"embeddable":true,"href":"https:\/\/rayon-photography.com\/index.php?rest_route=%2Fwp%2Fv2%2Fcomments&post=1661"}],"version-history":[{"count":9,"href":"https:\/\/rayon-photography.com\/index.php?rest_route=\/wp\/v2\/pages\/1661\/revisions"}],"predecessor-version":[{"id":2336,"href":"https:\/\/rayon-photography.com\/index.php?rest_route=\/wp\/v2\/pages\/1661\/revisions\/2336"}],"up":[{"embeddable":true,"href":"https:\/\/rayon-photography.com\/index.php?rest_route=\/wp\/v2\/pages\/398"}],"wp:attachment":[{"href":"https:\/\/rayon-photography.com\/index.php?rest_route=%2Fwp%2Fv2%2Fmedia&parent=1661"}],"curies":[{"name":"wp","href":"https:\/\/api.w.org\/{rel}","templated":true}]}}